{"id":883,"date":"2023-09-25T17:44:01","date_gmt":"2023-09-25T15:44:01","guid":{"rendered":"https:\/\/2acapitalfinance.fr\/?page_id=883"},"modified":"2023-09-25T17:54:13","modified_gmt":"2023-09-25T15:54:13","slug":"mentions-legal","status":"publish","type":"page","link":"https:\/\/2acapitalfinance.fr\/index.php\/mentions-legal\/","title":{"rendered":"Mentions legal"},"content":{"rendered":"\t\t<div data-elementor-type=\"wp-page\" data-elementor-id=\"883\" class=\"elementor elementor-883\">\n\t\t\t\t\t\t\t\t\t<section class=\"elementor-section elementor-top-section elementor-element elementor-element-6264996 elementor-section-boxed elementor-section-height-default elementor-section-height-default\" data-id=\"6264996\" data-element_type=\"section\">\n\t\t\t\t\t\t<div class=\"elementor-container elementor-column-gap-default\">\n\t\t\t\t\t<div class=\"elementor-column elementor-col-100 elementor-top-column elementor-element elementor-element-dc5c0a1 lakit-col-width-auto-no\" data-id=\"dc5c0a1\" data-element_type=\"column\">\n\t\t\t<div class=\"elementor-widget-wrap elementor-element-populated\">\n\t\t\t\t\t\t\t\t<div class=\"elementor-element elementor-element-115dd3b elementor-widget elementor-widget-text-editor\" data-id=\"115dd3b\" data-element_type=\"widget\" data-widget_type=\"text-editor.default\">\n\t\t\t\t<div class=\"elementor-widget-container\">\n\t\t\t<style>\/*! elementor - v3.17.0 - 08-11-2023 *\/\n.elementor-widget-text-editor.elementor-drop-cap-view-stacked .elementor-drop-cap{background-color:#69727d;color:#fff}.elementor-widget-text-editor.elementor-drop-cap-view-framed .elementor-drop-cap{color:#69727d;border:3px solid;background-color:transparent}.elementor-widget-text-editor:not(.elementor-drop-cap-view-default) .elementor-drop-cap{margin-top:8px}.elementor-widget-text-editor:not(.elementor-drop-cap-view-default) .elementor-drop-cap-letter{width:1em;height:1em}.elementor-widget-text-editor .elementor-drop-cap{float:left;text-align:center;line-height:1;font-size:50px}.elementor-widget-text-editor .elementor-drop-cap-letter{display:inline-block}<\/style>\t\t\t\t<h1>MENTIONS L\u00c9GALES<\/h1><p>Conform\u00e9ment \u00e0 la loi n\u00b02004-575 du 21 juin 2004 pour la confiance dans l\u2019\u00e9conomie num\u00e9rique, nous vous informons que :<\/p><div><p>Le site web https:\/\/2acapitalfinance.fr\/\u00a0(ci-apr\u00e8s le \u00ab Site \u00bb) est la propri\u00e9t\u00e9 de 2acapitalfinance (ci-apr\u00e8s la \u00ab Soci\u00e9t\u00e9 \u00bb) au capital de \u00a0<span class=\"numdisplay\">10\u00a0000,00 \u20ac<\/span> en date du \u00a019-05-2022 immatricul\u00e9e sous le num\u00e9ro 913453528, dont le si\u00e8ge administratif est situ\u00e9 \u00e0 : SAINT-MAXIMIN-LA-SAINTE-BAUME (83470)<\/p><p>Responsables de publication : Antoine Ayrignac<\/p><p>Le Site est r\u00e9gi par le droit fran\u00e7ais ; les visiteurs ayant acc\u00e8s au site de l\u2019\u00e9tranger doivent s\u2019assurer du respect des lois localement applicables. Les mentions l\u00e9gales pouvant \u00eatre modifi\u00e9es \u00e0 tout moment et sans pr\u00e9avis, nous vous engageons \u00e0 les consulter r\u00e9guli\u00e8rement.<br \/>Derni\u00e8re mise \u00e0 jour 25 sptembre 2023<\/p><h2>DONN\u00c9ES PERSONNELLES<\/h2><p>Les informations que nous recueillons sont exclusivement destin\u00e9es \u00e0 la Direction de la Soci\u00e9t\u00e9. Aucune donn\u00e9e personnelle vous concernant n\u2019est c\u00e9d\u00e9e \u00e0 des tiers.<\/p><p>Les visiteurs du Site sont inform\u00e9s et autorisent que des informations (t\u00e9moins de connexion ou \u00ab cookies \u00bb) peuvent \u00eatre temporairement conserv\u00e9es sur le disque dur de leur ordinateur afin de faciliter la navigation sur le site. L\u2019utilisateur est libre de refuser ces cookies en configurant son navigateur selon les modalit\u00e9s d\u00e9taill\u00e9es sur le site http:\/\/www.cnil.fr.<\/p><p>Toute information personnelle que vous serez amen\u00e9 \u00e0 transmettre \u00e0 la Soci\u00e9t\u00e9 est soumise aux dispositions de la loi n\u00b0 78-17 Informatique et Libert\u00e9s du 6 janvier 1978 relative \u00e0 l\u2019informatique, aux fichiers et aux libert\u00e9s, modifi\u00e9e.<\/p><p>A ce titre, vous disposez d\u2019un droit d\u2019acc\u00e8s, de rectification et de suppression des informations personnelles vous concernant que vous pouvez exercer \u00e0 tout moment en \u00e9crivant \u00e0 :<br \/>\u00a0contact@2acapitalfinance.fr<\/p><h2>PROPRI\u00c9T\u00c9 INTELLECTUELLE<\/h2><p>La Soci\u00e9t\u00e9 d\u00e9tient, se r\u00e9serve et conserve tous les droits de propri\u00e9t\u00e9, notamment intellectuelle, y compris les droit de reproduction sur le pr\u00e9sent site et les \u00e9l\u00e9ments qu\u2019il contient.<br \/>En cons\u00e9quence et notamment toute reproduction partielle ou totale du pr\u00e9sent site et des \u00e9l\u00e9ments qu\u2019il contient est strictement interdite sans autorisation \u00e9crite de la Soci\u00e9t\u00e9.<br \/>Les marques, brevets, logos et tous autres signes distinctifs contenus sur ce site sont la propri\u00e9t\u00e9 de la Soci\u00e9t\u00e9 ou font l\u2019objet d\u2019une autorisation d\u2019utilisation. Aucun droit ou licence ne saurait \u00eatre attribu\u00e9 sur l\u2019un de ces \u00e9l\u00e9ments quelconques sans l\u2019autorisation \u00e9crite de la Soci\u00e9t\u00e9 ou du tiers d\u00e9tenteur des droits.<\/p><h2>EXCLUSION DE GARANTIE ET DE RESPONSABILIT\u00c9<\/h2><p>L\u2019utilisateur du Site reconna\u00eet avoir pris connaissance des pr\u00e9sentes conditions d\u2019utilisation du site et s\u2019engage \u00e0 les respecter. La Soci\u00e9t\u00e9 ne saurait \u00eatre tenue pour responsable des dommages directs ou indirects qui pourraient r\u00e9sulter de l\u2019acc\u00e8s au site ou de l\u2019utilisation du site et\/ou de ces informations, y compris l\u2019inaccessibilit\u00e9, les pertes de donn\u00e9es, d\u00e9t\u00e9riorations, destructions ou virus qui pourraient affecter l\u2019\u00e9quipement informatique de l\u2019utilisateur et\/ou de la pr\u00e9sence de virus sur son site.<br \/>Bien que la Soci\u00e9t\u00e9 s\u2019efforce de fournir un contenu fiable sur son site, il ne garantit pas que son contenu soit exempt d\u2019inexactitudes ou d\u2019omissions et ne saurait \u00eatre tenu pour responsable des erreurs ou omissions, d\u2019une absence de disponibilit\u00e9 des informations et des services. La Soci\u00e9t\u00e9 se r\u00e9serve \u00e0 tout moment et sans pr\u00e9avis le droit d\u2019apporter des am\u00e9liorations et\/ou des modifications au contenu de son site.<br \/>En cons\u00e9quence, l\u2019utilisateur reconna\u00eet se servir de ses informations sous sa responsabilit\u00e9 exclusive.<\/p><h2>LIENS VERS D\u2019AUTRES SITES<\/h2><p>Le Site peut inclure des liens vers d\u2019autres sites ou d\u2019autres sources Internet. Dans la mesure o\u00f9 la Soci\u00e9t\u00e9 ne peut contr\u00f4ler ces sites et ces sources externes, la Soci\u00e9t\u00e9 ne peut \u00eatre tenue pour responsable de la mise \u00e0 disposition de ces sites et sources externes, et d\u00e9cline ainsi toute responsabilit\u00e9 quant aux contenus, publicit\u00e9s, produits, services ou tout autre mat\u00e9riel disponible sur ou \u00e0 partir de ces sites ou sources externes. Ces liens sont propos\u00e9s aux utilisateurs du Site en tant que service. La d\u00e9cision d\u2019activer les liens vous appartient exclusivement.<br \/>Nous vous rappelons que les sites non-affili\u00e9s sont soumis \u00e0 leurs propres conditions d\u2019utilisation.<\/p><\/div>\t\t\t\t\t\t<\/div>\n\t\t\t\t<\/div>\n\t\t\t\t\t<\/div>\n\t\t<\/div>\n\t\t\t\t\t\t\t<\/div>\n\t\t<\/section>\n\t\t\t\t\t\t\t<\/div>\n\t\t","protected":false},"excerpt":{"rendered":"<p>MENTIONS L\u00c9GALES Conform\u00e9ment \u00e0 la loi n\u00b02004-575 du 21 juin 2004 pour la confiance dans l\u2019\u00e9conomie num\u00e9rique, nous vous informons que : Le site web https:\/\/2acapitalfinance.fr\/\u00a0(ci-apr\u00e8s le \u00ab Site \u00bb) est la propri\u00e9t\u00e9 de 2acapitalfinance (ci-apr\u00e8s la \u00ab Soci\u00e9t\u00e9 \u00bb) au capital de \u00a010\u00a0000,00 \u20ac en date du \u00a019-05-2022 immatricul\u00e9e sous le num\u00e9ro 913453528, dont &hellip;<\/p>\n<p class=\"read-more\"> <a class=\"\" href=\"https:\/\/2acapitalfinance.fr\/index.php\/mentions-legal\/\"> <span class=\"screen-reader-text\">Mentions legal<\/span> Lire la suite\u00a0\u00bb<\/a><\/p>\n","protected":false},"author":1,"featured_media":0,"parent":0,"menu_order":0,"comment_status":"closed","ping_status":"closed","template":"","meta":{"_monsterinsights_skip_tracking":false,"_monsterinsights_sitenote_active":false,"_monsterinsights_sitenote_note":"","_monsterinsights_sitenote_category":0,"site-sidebar-layout":"no-sidebar","site-content-layout":"","ast-site-content-layout":"full-width-container","site-content-style":"default","site-sidebar-style":"default","ast-global-header-display":"","ast-banner-title-visibility":"","ast-main-header-display":"","ast-hfb-above-header-display":"","ast-hfb-below-header-display":"","ast-hfb-mobile-header-display":"","site-post-title":"disabled","ast-breadcrumbs-content":"","ast-featured-img":"disabled","footer-sml-layout":"","theme-transparent-header-meta":"","adv-header-id-meta":"","stick-header-meta":"","header-above-stick-meta":"","header-main-stick-meta":"","header-below-stick-meta":"","astra-migrate-meta-layouts":"","footnotes":""},"class_list":["post-883","page","type-page","status-publish","hentry"],"yoast_head":"<!-- This site is optimized with the Yoast SEO plugin v21.9.1 - https:\/\/yoast.com\/wordpress\/plugins\/seo\/ -->\n<title>Mentions legal - 2A CapitalFinance<\/title>\n<meta name=\"robots\" content=\"index, follow, max-snippet:-1, max-image-preview:large, max-video-preview:-1\" \/>\n<link rel=\"canonical\" href=\"https:\/\/2acapitalfinance.fr\/index.php\/mentions-legal\/\" \/>\n<meta property=\"og:locale\" content=\"fr_FR\" \/>\n<meta property=\"og:type\" content=\"article\" \/>\n<meta property=\"og:title\" content=\"Mentions legal - 2A CapitalFinance\" \/>\n<meta property=\"og:description\" content=\"MENTIONS L\u00c9GALES Conform\u00e9ment \u00e0 la loi n\u00b02004-575 du 21 juin 2004 pour la confiance dans l\u2019\u00e9conomie num\u00e9rique, nous vous informons que : Le site web https:\/\/2acapitalfinance.fr\/\u00a0(ci-apr\u00e8s le \u00ab Site \u00bb) est la propri\u00e9t\u00e9 de 2acapitalfinance (ci-apr\u00e8s la \u00ab Soci\u00e9t\u00e9 \u00bb) au capital de \u00a010\u00a0000,00 \u20ac en date du \u00a019-05-2022 immatricul\u00e9e sous le num\u00e9ro 913453528, dont &hellip; Mentions legal Lire la suite\u00a0\u00bb\" \/>\n<meta property=\"og:url\" content=\"https:\/\/2acapitalfinance.fr\/index.php\/mentions-legal\/\" \/>\n<meta property=\"og:site_name\" content=\"2A CapitalFinance\" \/>\n<meta property=\"article:modified_time\" content=\"2023-09-25T15:54:13+00:00\" \/>\n<meta name=\"twitter:card\" content=\"summary_large_image\" \/>\n<meta name=\"twitter:label1\" content=\"Dur\u00e9e de lecture estim\u00e9e\" \/>\n\t<meta name=\"twitter:data1\" content=\"4 minutes\" \/>\n<script type=\"application\/ld+json\" class=\"yoast-schema-graph\">{\"@context\":\"https:\/\/schema.org\",\"@graph\":[{\"@type\":\"WebPage\",\"@id\":\"https:\/\/2acapitalfinance.fr\/index.php\/mentions-legal\/\",\"url\":\"https:\/\/2acapitalfinance.fr\/index.php\/mentions-legal\/\",\"name\":\"Mentions legal - 2A CapitalFinance\",\"isPartOf\":{\"@id\":\"https:\/\/2acapitalfinance.fr\/#website\"},\"datePublished\":\"2023-09-25T15:44:01+00:00\",\"dateModified\":\"2023-09-25T15:54:13+00:00\",\"breadcrumb\":{\"@id\":\"https:\/\/2acapitalfinance.fr\/index.php\/mentions-legal\/#breadcrumb\"},\"inLanguage\":\"fr-FR\",\"potentialAction\":[{\"@type\":\"ReadAction\",\"target\":[\"https:\/\/2acapitalfinance.fr\/index.php\/mentions-legal\/\"]}]},{\"@type\":\"BreadcrumbList\",\"@id\":\"https:\/\/2acapitalfinance.fr\/index.php\/mentions-legal\/#breadcrumb\",\"itemListElement\":[{\"@type\":\"ListItem\",\"position\":1,\"name\":\"Accueil\",\"item\":\"https:\/\/2acapitalfinance.fr\/\"},{\"@type\":\"ListItem\",\"position\":2,\"name\":\"Mentions legal\"}]},{\"@type\":\"WebSite\",\"@id\":\"https:\/\/2acapitalfinance.fr\/#website\",\"url\":\"https:\/\/2acapitalfinance.fr\/\",\"name\":\"2A CapitalFinance\",\"description\":\"2A CapitalFinance : L&#039;expertise financi\u00e8re au service de vos objectifs, pour vos actifs et pour vos clients.\",\"potentialAction\":[{\"@type\":\"SearchAction\",\"target\":{\"@type\":\"EntryPoint\",\"urlTemplate\":\"https:\/\/2acapitalfinance.fr\/?s={search_term_string}\"},\"query-input\":\"required name=search_term_string\"}],\"inLanguage\":\"fr-FR\"}]}<\/script>\n<!-- \/ Yoast SEO plugin. -->","yoast_head_json":{"title":"Mentions legal - 2A CapitalFinance","robots":{"index":"index","follow":"follow","max-snippet":"max-snippet:-1","max-image-preview":"max-image-preview:large","max-video-preview":"max-video-preview:-1"},"canonical":"https:\/\/2acapitalfinance.fr\/index.php\/mentions-legal\/","og_locale":"fr_FR","og_type":"article","og_title":"Mentions legal - 2A CapitalFinance","og_description":"MENTIONS L\u00c9GALES Conform\u00e9ment \u00e0 la loi n\u00b02004-575 du 21 juin 2004 pour la confiance dans l\u2019\u00e9conomie num\u00e9rique, nous vous informons que : Le site web https:\/\/2acapitalfinance.fr\/\u00a0(ci-apr\u00e8s le \u00ab Site \u00bb) est la propri\u00e9t\u00e9 de 2acapitalfinance (ci-apr\u00e8s la \u00ab Soci\u00e9t\u00e9 \u00bb) au capital de \u00a010\u00a0000,00 \u20ac en date du \u00a019-05-2022 immatricul\u00e9e sous le num\u00e9ro 913453528, dont &hellip; Mentions legal Lire la suite\u00a0\u00bb","og_url":"https:\/\/2acapitalfinance.fr\/index.php\/mentions-legal\/","og_site_name":"2A CapitalFinance","article_modified_time":"2023-09-25T15:54:13+00:00","twitter_card":"summary_large_image","twitter_misc":{"Dur\u00e9e de lecture estim\u00e9e":"4 minutes"},"schema":{"@context":"https:\/\/schema.org","@graph":[{"@type":"WebPage","@id":"https:\/\/2acapitalfinance.fr\/index.php\/mentions-legal\/","url":"https:\/\/2acapitalfinance.fr\/index.php\/mentions-legal\/","name":"Mentions legal - 2A CapitalFinance","isPartOf":{"@id":"https:\/\/2acapitalfinance.fr\/#website"},"datePublished":"2023-09-25T15:44:01+00:00","dateModified":"2023-09-25T15:54:13+00:00","breadcrumb":{"@id":"https:\/\/2acapitalfinance.fr\/index.php\/mentions-legal\/#breadcrumb"},"inLanguage":"fr-FR","potentialAction":[{"@type":"ReadAction","target":["https:\/\/2acapitalfinance.fr\/index.php\/mentions-legal\/"]}]},{"@type":"BreadcrumbList","@id":"https:\/\/2acapitalfinance.fr\/index.php\/mentions-legal\/#breadcrumb","itemListElement":[{"@type":"ListItem","position":1,"name":"Accueil","item":"https:\/\/2acapitalfinance.fr\/"},{"@type":"ListItem","position":2,"name":"Mentions legal"}]},{"@type":"WebSite","@id":"https:\/\/2acapitalfinance.fr\/#website","url":"https:\/\/2acapitalfinance.fr\/","name":"2A CapitalFinance","description":"2A CapitalFinance : L&#039;expertise financi\u00e8re au service de vos objectifs, pour vos actifs et pour vos clients.","potentialAction":[{"@type":"SearchAction","target":{"@type":"EntryPoint","urlTemplate":"https:\/\/2acapitalfinance.fr\/?s={search_term_string}"},"query-input":"required name=search_term_string"}],"inLanguage":"fr-FR"}]}},"_links":{"self":[{"href":"https:\/\/2acapitalfinance.fr\/index.php\/wp-json\/wp\/v2\/pages\/883","targetHints":{"allow":["GET"]}}],"collection":[{"href":"https:\/\/2acapitalfinance.fr\/index.php\/wp-json\/wp\/v2\/pages"}],"about":[{"href":"https:\/\/2acapitalfinance.fr\/index.php\/wp-json\/wp\/v2\/types\/page"}],"author":[{"embeddable":true,"href":"https:\/\/2acapitalfinance.fr\/index.php\/wp-json\/wp\/v2\/users\/1"}],"replies":[{"embeddable":true,"href":"https:\/\/2acapitalfinance.fr\/index.php\/wp-json\/wp\/v2\/comments?post=883"}],"version-history":[{"count":4,"href":"https:\/\/2acapitalfinance.fr\/index.php\/wp-json\/wp\/v2\/pages\/883\/revisions"}],"predecessor-version":[{"id":897,"href":"https:\/\/2acapitalfinance.fr\/index.php\/wp-json\/wp\/v2\/pages\/883\/revisions\/897"}],"wp:attachment":[{"href":"https:\/\/2acapitalfinance.fr\/index.php\/wp-json\/wp\/v2\/media?parent=883"}],"curies":[{"name":"wp","href":"https:\/\/api.w.org\/{rel}","templated":true}]}}